{"id":823,"date":"2020-08-01T09:09:05","date_gmt":"2020-08-01T09:09:05","guid":{"rendered":"https:\/\/mines-rdc.cd\/p\/fr\/?page_id=823"},"modified":"2025-04-01T15:54:20","modified_gmt":"2025-04-01T13:54:20","slug":"les-departements-2","status":"publish","type":"page","link":"https:\/\/ctcpm.cd\/fr\/les-departements-2","title":{"rendered":"Les departements"},"content":{"rendered":"\t\t<div data-elementor-type=\"wp-page\" data-elementor-id=\"823\" class=\"elementor elementor-823\">\n\t\t\t\t\t\t<section class=\"elementor-section elementor-top-section elementor-element elementor-element-feeccb7 elementor-section-boxed elementor-section-height-default elementor-section-height-default\" data-id=\"feeccb7\" data-element_type=\"section\" data-settings=\"{&quot;background_background&quot;:&quot;classic&quot;}\">\n\t\t\t\t\t\t<div class=\"elementor-container elementor-column-gap-default\">\n\t\t\t\t\t<div class=\"elementor-column elementor-col-50 elementor-top-column elementor-element elementor-element-7ad3716\" data-id=\"7ad3716\" data-element_type=\"column\">\n\t\t\t<div class=\"elementor-widget-wrap elementor-element-populated\">\n\t\t\t\t\t\t<div class=\"elementor-element elementor-element-f53e959 elementor-widget elementor-widget-heading\" data-id=\"f53e959\" data-element_type=\"widget\" data-widget_type=\"heading.default\">\n\t\t\t\t<div class=\"elementor-widget-container\">\n\t\t\t<h2 class=\"elementor-heading-title elementor-size-default\">Nos D\u00e9partements<\/h2>\t\t<\/div>\n\t\t\t\t<\/div>\n\t\t\t\t<div class=\"elementor-element elementor-element-9d29f82 elementor-widget elementor-widget-text-editor\" data-id=\"9d29f82\" data-element_type=\"widget\" data-widget_type=\"text-editor.default\">\n\t\t\t\t<div class=\"elementor-widget-container\">\n\t\t\t\t\t\t\t<div class=\"elementor-element elementor-element-7e789b0 elementor-widget elementor-widget-text-editor\" data-id=\"7e789b0\" data-element_type=\"widget\" data-widget_type=\"text-editor.default\"><div class=\"elementor-widget-container\">La CTPM compte au total 9 D\u00e9partements dont 5 Techniques et 4 Administraifs et financiers<\/div><\/div><div class=\"elementor-element elementor-element-876dc28 elementor-widget elementor-widget-text-editor\" data-id=\"876dc28\" data-element_type=\"widget\" data-widget_type=\"text-editor.default\"><div class=\"elementor-widget-container\"><p>La C.T.C.P.M. est compos\u00e9e de deux organes \u00e0 savoir : le Comit\u00e9 Permanent et le Comit\u00e9 Consultatif.<br \/>Le Comit\u00e9 Permanent est une structure permanente charg\u00e9e de l\u2019ex\u00e9cution de toutes les t\u00e2ches en rapport avec le r\u00f4le et la mission confi\u00e9s \u00e0 la CTCPM. Le Comit\u00e9 Permanent est dirig\u00e9e par un Coordonnateur second\u00e9 par deux Coordonnateurs Adjoints, l\u2019un charg\u00e9 des questions Administratives et Financi\u00e8res et l\u2019autre charg\u00e9 des questions Techniques. La CTCPM est compos\u00e9e de neuf (9) d\u00e9partements \u00e0 caract\u00e8re technique, administratif et financier.<\/p><\/div><\/div>\t\t\t\t\t\t<\/div>\n\t\t\t\t<\/div>\n\t\t\t\t\t<\/div>\n\t\t<\/div>\n\t\t\t\t<div class=\"elementor-column elementor-col-50 elementor-top-column elementor-element elementor-element-c706412\" data-id=\"c706412\" data-element_type=\"column\">\n\t\t\t<div class=\"elementor-widget-wrap elementor-element-populated\">\n\t\t\t\t\t\t<div class=\"elementor-element elementor-element-7e3f4d6 elementor-widget elementor-widget-image\" data-id=\"7e3f4d6\" data-element_type=\"widget\" data-widget_type=\"image.default\">\n\t\t\t\t<div class=\"elementor-widget-container\">\n\t\t\t\t\t\t\t\t\t\t\t\t\t<img fetchpriority=\"high\" decoding=\"async\" width=\"1536\" height=\"814\" src=\"https:\/\/ctcpm.cd\/fr\/wp-content\/uploads\/2024\/09\/IMG-20240403-WA00271-1536x814-2.jpg\" class=\"attachment-full size-full wp-image-6110\" alt=\"\" srcset=\"https:\/\/ctcpm.cd\/fr\/wp-content\/uploads\/2024\/09\/IMG-20240403-WA00271-1536x814-2.jpg 1536w, https:\/\/ctcpm.cd\/fr\/wp-content\/uploads\/2024\/09\/IMG-20240403-WA00271-1536x814-2-300x159.jpg 300w, https:\/\/ctcpm.cd\/fr\/wp-content\/uploads\/2024\/09\/IMG-20240403-WA00271-1536x814-2-1024x543.jpg 1024w, https:\/\/ctcpm.cd\/fr\/wp-content\/uploads\/2024\/09\/IMG-20240403-WA00271-1536x814-2-768x407.jpg 768w, https:\/\/ctcpm.cd\/fr\/wp-content\/uploads\/2024\/09\/IMG-20240403-WA00271-1536x814-2-600x318.jpg 600w, https:\/\/ctcpm.cd\/fr\/wp-content\/uploads\/2024\/09\/IMG-20240403-WA00271-1536x814-2-560x297.jpg 560w\" sizes=\"(max-width: 1536px) 100vw, 1536px\" \/>\t\t\t\t\t\t\t\t\t\t\t\t\t<\/div>\n\t\t\t\t<\/div>\n\t\t\t\t<div class=\"elementor-element elementor-element-726ef9b elementor-widget__width-auto elementor-absolute elementor-widget elementor-widget-ova_box_learnmore\" data-id=\"726ef9b\" data-element_type=\"widget\" data-settings=\"{&quot;_position&quot;:&quot;absolute&quot;}\" data-widget_type=\"ova_box_learnmore.default\">\n\t\t\t\t<div class=\"elementor-widget-container\">\n\t\t\t\t\t<div class=\"ova_box_learnmore\">\n\t\t\t<div class=\"content\">\n\t\t\t\t\t\t\t\t\t\t<p class=\"title second_font\">\n\t\t\t\t\t\t\tLes d\u00e9partements techniques sont charg\u00e9s de tous les aspects du secteur minier\t\t\t\t\t\t<\/p>\n\t\t\t\t\t\t\n\t\t\t\t\t\t\t<\/div>\n\t\t<\/div>\n\t\t\t\t<\/div>\n\t\t\t\t<\/div>\n\t\t\t\t\t<\/div>\n\t\t<\/div>\n\t\t\t\t\t<\/div>\n\t\t<\/section>\n\t\t\t\t<section class=\"elementor-section elementor-top-section elementor-element elementor-element-096138f elementor-section-boxed elementor-section-height-default elementor-section-height-default\" data-id=\"096138f\" data-element_type=\"section\" data-settings=\"{&quot;background_background&quot;:&quot;classic&quot;}\">\n\t\t\t\t\t\t<div class=\"elementor-container elementor-column-gap-default\">\n\t\t\t\t\t<div class=\"elementor-column elementor-col-50 elementor-top-column elementor-element elementor-element-8830b22\" data-id=\"8830b22\" data-element_type=\"column\">\n\t\t\t<div class=\"elementor-widget-wrap elementor-element-populated\">\n\t\t\t\t\t\t<div class=\"elementor-element elementor-element-ff06b16 elementor-widget elementor-widget-heading\" data-id=\"ff06b16\" data-element_type=\"widget\" data-widget_type=\"heading.default\">\n\t\t\t\t<div class=\"elementor-widget-container\">\n\t\t\t<h2 class=\"elementor-heading-title elementor-size-default\">Effectif<\/h2>\t\t<\/div>\n\t\t\t\t<\/div>\n\t\t\t\t<div class=\"elementor-element elementor-element-6ad4c53 elementor-widget elementor-widget-text-editor\" data-id=\"6ad4c53\" data-element_type=\"widget\" data-widget_type=\"text-editor.default\">\n\t\t\t\t<div class=\"elementor-widget-container\">\n\t\t\t\t\t\t\t<p>L\u2019effectif de la CTCPM s\u2019\u00e9l\u00e8ve \u00e0 une centaine de cadres et agents dont des experts en sciences de la terre, des juristes, des \u00e9conomistes, des communicateurs, des informaticiens,\u2026<\/p>\t\t\t\t\t\t<\/div>\n\t\t\t\t<\/div>\n\t\t\t\t\t<\/div>\n\t\t<\/div>\n\t\t\t\t<div class=\"elementor-column elementor-col-50 elementor-top-column elementor-element elementor-element-9cdb718\" data-id=\"9cdb718\" data-element_type=\"column\">\n\t\t\t<div class=\"elementor-widget-wrap elementor-element-populated\">\n\t\t\t\t\t\t<section class=\"elementor-section elementor-inner-section elementor-element elementor-element-c6f3aff elementor-section-boxed elementor-section-height-default elementor-section-height-default\" data-id=\"c6f3aff\" data-element_type=\"section\">\n\t\t\t\t\t\t<div class=\"elementor-container elementor-column-gap-default\">\n\t\t\t\t\t<div class=\"elementor-column elementor-col-50 elementor-inner-column elementor-element elementor-element-68bcf83\" data-id=\"68bcf83\" data-element_type=\"column\">\n\t\t\t<div class=\"elementor-widget-wrap elementor-element-populated\">\n\t\t\t\t\t\t<div class=\"elementor-element elementor-element-9eaa044 elementor-widget__width-inherit elementor-widget elementor-widget-ova_list_link\" data-id=\"9eaa044\" data-element_type=\"widget\" data-widget_type=\"ova_list_link.default\">\n\t\t\t\t<div class=\"elementor-widget-container\">\n\t\t\t\t\t<div class=\"ova_list_link box-shadow\">\n\t\t\t\t\t\t\t\t\t<ul class=\"content\">\n\t\t\t\t\t\t\t\t\t<li class=\"item\">\n\t\t\t\t\t\t<a href=\"#\">\n\t\t\t\t\t\t\tConduire les activit\u00e9s arr\u00eat\u00e9es au programme de la CTCPM pour le d\u00e9partement ;\t\t\t\t\t\t\t\t\t\t\t\t\t\t<span class=\"icon\">\n\t\t\t\t\t\t\t\t<i data-feather=\"chevron-right\"><\/i>\n\t\t\t\t\t\t\t<\/span>\n\t\t\t\t\t\t    \t\t\t\t\t\t    \t\t\t\t\t\t\t<span class=\"icon-hover\">\n\t\t\t\t\t\t\t\t<i data-feather=\"arrow-right\"><\/i>\n\t\t\t\t\t\t\t<\/span>\n\t\t\t\t\t\t\t \t\t\t\t\t\t<\/a>\n\n\t\t\t\t\t<\/li>\n\t\t\t\t\t\t\t\t\t<li class=\"item\">\n\t\t\t\t\t\t<a href=\"#\">\n\t\t\t\t\t\t\tAssurer l\u2019ex\u00e9cution des d\u00e9cisions de la Coordination ;\t\t\t\t\t\t\t\t\t\t\t\t\t\t<span class=\"icon\">\n\t\t\t\t\t\t\t\t<i data-feather=\"chevron-right\"><\/i>\n\t\t\t\t\t\t\t<\/span>\n\t\t\t\t\t\t    \t\t\t\t\t\t    \t\t\t\t\t\t\t<span class=\"icon-hover\">\n\t\t\t\t\t\t\t\t<i data-feather=\"arrow-right\"><\/i>\n\t\t\t\t\t\t\t<\/span>\n\t\t\t\t\t\t\t \t\t\t\t\t\t<\/a>\n\n\t\t\t\t\t<\/li>\n\t\t\t\t\t\t\t<\/ul>\n\t\t\t\t\t<\/div>\n\t\t\t\t<\/div>\n\t\t\t\t<\/div>\n\t\t\t\t\t<\/div>\n\t\t<\/div>\n\t\t\t\t<div class=\"elementor-column elementor-col-50 elementor-inner-column elementor-element elementor-element-56af984\" data-id=\"56af984\" data-element_type=\"column\">\n\t\t\t<div class=\"elementor-widget-wrap elementor-element-populated\">\n\t\t\t\t\t\t<div class=\"elementor-element elementor-element-d671bf0 elementor-widget elementor-widget-ova_list_link\" data-id=\"d671bf0\" data-element_type=\"widget\" data-widget_type=\"ova_list_link.default\">\n\t\t\t\t<div class=\"elementor-widget-container\">\n\t\t\t\t\t<div class=\"ova_list_link \">\n\t\t\t\t\t\t\t\t\t<ul class=\"content\">\n\t\t\t\t\t\t\t\t\t<li class=\"item\">\n\t\t\t\t\t\t<a href=\"#\">\n\t\t\t\t\t\t\tVeiller \u00e0 la discipline au sein du d\u00e9partement et maintenir l\u2019\u00e9change d\u2019informations entre celui-ci et les autres d\u00e9partements ainsi qu\u2019avec la Coordination ;\t\t\t\t\t\t\t\t\t\t\t\t\t\t<span class=\"icon\">\n\t\t\t\t\t\t\t\t<i data-feather=\"chevron-right\"><\/i>\n\t\t\t\t\t\t\t<\/span>\n\t\t\t\t\t\t    \t\t\t\t\t\t    \t\t\t\t\t\t\t<span class=\"icon-hover\">\n\t\t\t\t\t\t\t\t<i data-feather=\"arrow-right\"><\/i>\n\t\t\t\t\t\t\t<\/span>\n\t\t\t\t\t\t\t \t\t\t\t\t\t<\/a>\n\n\t\t\t\t\t<\/li>\n\t\t\t\t\t\t\t<\/ul>\n\t\t\t\t\t<\/div>\n\t\t\t\t<\/div>\n\t\t\t\t<\/div>\n\t\t\t\t\t<\/div>\n\t\t<\/div>\n\t\t\t\t\t<\/div>\n\t\t<\/section>\n\t\t\t\t\t<\/div>\n\t\t<\/div>\n\t\t\t\t\t<\/div>\n\t\t<\/section>\n\t\t\t\t<section class=\"elementor-section elementor-top-section elementor-element elementor-element-ed36fa3 elementor-section-boxed elementor-section-height-default elementor-section-height-default\" data-id=\"ed36fa3\" data-element_type=\"section\">\n\t\t\t\t\t\t<div class=\"elementor-container elementor-column-gap-default\">\n\t\t\t\t\t<div class=\"elementor-column elementor-col-100 elementor-top-column elementor-element elementor-element-b39bcb8\" data-id=\"b39bcb8\" data-element_type=\"column\">\n\t\t\t<div class=\"elementor-widget-wrap elementor-element-populated\">\n\t\t\t\t\t\t<div class=\"elementor-element elementor-element-8b4a32f elementor-widget elementor-widget-heading\" data-id=\"8b4a32f\" data-element_type=\"widget\" data-widget_type=\"heading.default\">\n\t\t\t\t<div class=\"elementor-widget-container\">\n\t\t\t<h2 class=\"elementor-heading-title elementor-size-default\">Les Chefs de D\u00e9partements<\/h2>\t\t<\/div>\n\t\t\t\t<\/div>\n\t\t\t\t<div class=\"elementor-element elementor-element-1c30ad6 elementor-widget elementor-widget-ova_team_slider\" data-id=\"1c30ad6\" data-element_type=\"widget\" data-settings=\"{&quot;pause_on_hover&quot;:&quot;yes&quot;,&quot;infinite&quot;:&quot;yes&quot;,&quot;autoplay&quot;:&quot;yes&quot;,&quot;autoplay_speed&quot;:3000,&quot;dot_control&quot;:&quot;yes&quot;}\" data-widget_type=\"ova_team_slider.default\">\n\t\t\t\t<div class=\"elementor-widget-container\">\n\t\t\t\n<div class=\"container\">\n\t<div class=\"row\">\n\t\t<div class=\"ova-team-slider\">\n\t\t\t<div class=\"content slide-team owl-carousel owl-theme\" data-options=\"{&quot;items&quot;:4,&quot;slideBy&quot;:1,&quot;margin&quot;:30,&quot;autoplayHoverPause&quot;:true,&quot;loop&quot;:true,&quot;autoplay&quot;:true,&quot;autoplayTimeout&quot;:3000,&quot;smartSpeed&quot;:500,&quot;dots&quot;:true,&quot;rtl&quot;:false}\">\n\t\t\t\t\n\t\t\t\t\t<div class=\"items elementor-items\">\n\t\t\t\t\t\t\n\t\t\t\t\t\t<div class=\"content_info\">\n\t\t\t\t\t\t\t<div class=\"ova-media\">\n\t\t\t\t\t\t\t\t\t\t\t\t\t\t\t\t\t<a href=\"https:\/\/ctcpm.cd\/fr\/archives\/team\/charlee-mangar\" style=\"background-image: url(http:\/\/site2.mines-rdc.cd\/wp-content\/uploads\/2020\/07\/WhatsApp-Image-2025-04-24-at-14.32.21.jpeg)\" title=\"Media\">\n\t\t\t\t\t\t\t\t\t<\/a>\n\t\t\t\t\t\t\t\t\t\t\t\t\t\t\t<\/div>\n\n\t\t\t\t\t\t\t<div class=\"ova-info\">\n\t\t\t\t\t\t\t\t\t\t\t\t\t\t\t\t\t<a href=\"https:\/\/ctcpm.cd\/fr\/archives\/team\/charlee-mangar\" class=\"name second_font\" >\n\t\t\t\t\t\t\t\t\t\tMadame Patricia UNDELE TULUKA\t\t\t\t\t\t\t\t\t<\/a>\n\t\t\t\t\t\t\t\t\n\t\t\t\t\t\t\t\t\t\t\t\t\t\t\t\t\t<p class=\"job\">\n\t\t\t\t\t\t\t\t\t\tCoordonnatrice-Adjointe charg\u00e9e des Questions Administratives et Financi\u00e8res\t\t\t\t\t\t\t\t\t<\/p>\n\t\t\t\t\t\t\t\t\t\t\t\t\t\t\t<\/div>\n\t\t\t\t\t\t<\/div>\n\t\t\t\t\t<\/div>\n\n\t\t\t\t\n\t\t\t\t\t<div class=\"items elementor-items\">\n\t\t\t\t\t\t\n\t\t\t\t\t\t<div class=\"content_info\">\n\t\t\t\t\t\t\t<div class=\"ova-media\">\n\t\t\t\t\t\t\t\t\t\t\t\t\t\t\t\t\t<a href=\"https:\/\/ctcpm.cd\/fr\/archives\/team\/kanaov-marla\" style=\"background-image: url(http:\/\/site2.mines-rdc.cd\/wp-content\/uploads\/2020\/07\/WhatsApp-Image-2025-04-24-at-14.32.15.jpeg)\" title=\"Media\">\n\t\t\t\t\t\t\t\t\t<\/a>\n\t\t\t\t\t\t\t\t\t\t\t\t\t\t\t<\/div>\n\n\t\t\t\t\t\t\t<div class=\"ova-info\">\n\t\t\t\t\t\t\t\t\t\t\t\t\t\t\t\t\t<a href=\"https:\/\/ctcpm.cd\/fr\/archives\/team\/kanaov-marla\" class=\"name second_font\" >\n\t\t\t\t\t\t\t\t\t\tMr. Peter BILOLO KANYAMA\t\t\t\t\t\t\t\t\t<\/a>\n\t\t\t\t\t\t\t\t\n\t\t\t\t\t\t\t\t\t\t\t\t\t\t\t\t\t<p class=\"job\">\n\t\t\t\t\t\t\t\t\t\tCoordonnateur-Adjoint charg\u00e9 des Questions Techniques\t\t\t\t\t\t\t\t\t<\/p>\n\t\t\t\t\t\t\t\t\t\t\t\t\t\t\t<\/div>\n\t\t\t\t\t\t<\/div>\n\t\t\t\t\t<\/div>\n\n\t\t\t\t\n\t\t\t\t\t<div class=\"items elementor-items\">\n\t\t\t\t\t\t\n\t\t\t\t\t\t<div class=\"content_info\">\n\t\t\t\t\t\t\t<div class=\"ova-media\">\n\t\t\t\t\t\t\t\t\t\t\t\t\t\t\t\t\t<a href=\"https:\/\/ctcpm.cd\/fr\/archives\/team\/wenalbooze\" style=\"background-image: url(http:\/\/site2.mines-rdc.cd\/wp-content\/uploads\/2020\/07\/WhatsApp-Image-2025-04-24-at-14.32.10.jpeg)\" title=\"Media\">\n\t\t\t\t\t\t\t\t\t<\/a>\n\t\t\t\t\t\t\t\t\t\t\t\t\t\t\t<\/div>\n\n\t\t\t\t\t\t\t<div class=\"ova-info\">\n\t\t\t\t\t\t\t\t\t\t\t\t\t\t\t\t\t<a href=\"https:\/\/ctcpm.cd\/fr\/archives\/team\/wenalbooze\" class=\"name second_font\" >\n\t\t\t\t\t\t\t\t\t\tProf. Dieudonn\u00e9-Louis TAMBWE\t\t\t\t\t\t\t\t\t<\/a>\n\t\t\t\t\t\t\t\t\n\t\t\t\t\t\t\t\t\t\t\t\t\t\t\t\t\t<p class=\"job\">\n\t\t\t\t\t\t\t\t\t\tCoordonnateur\t\t\t\t\t\t\t\t\t<\/p>\n\t\t\t\t\t\t\t\t\t\t\t\t\t\t\t<\/div>\n\t\t\t\t\t\t<\/div>\n\t\t\t\t\t<\/div>\n\n\t\t\t\t\t\t\t<\/div>\n\n\t\t<\/div>\n\t<\/div>\n<\/div>\n\t\t<\/div>\n\t\t\t\t<\/div>\n\t\t\t\t\t<\/div>\n\t\t<\/div>\n\t\t\t\t\t<\/div>\n\t\t<\/section>\n\t\t\t\t<\/div>\n\t\t","protected":false},"excerpt":{"rendered":"<p>Nos D\u00e9partements La CTPM compte au total 9 D\u00e9partements dont 5 Techniques et 4 Administraifs et financiers La C.T.C.P.M. est compos\u00e9e de deux organes \u00e0 savoir : le Comit\u00e9 Permanent et le Comit\u00e9 Consultatif.Le Comit\u00e9 Permanent est une structure permanente charg\u00e9e de l\u2019ex\u00e9cution de toutes les t\u00e2ches en rapport avec le r\u00f4le et la mission [&hellip;]<\/p>\n","protected":false},"author":1,"featured_media":859,"parent":0,"menu_order":0,"comment_status":"closed","ping_status":"closed","template":"elementor_header_footer","meta":{"give_campaign_id":0,"footnotes":""},"class_list":["post-823","page","type-page","status-publish","has-post-thumbnail","hentry"],"campaignId":"","_links":{"self":[{"href":"https:\/\/ctcpm.cd\/fr\/wp-json\/wp\/v2\/pages\/823","targetHints":{"allow":["GET"]}}],"collection":[{"href":"https:\/\/ctcpm.cd\/fr\/wp-json\/wp\/v2\/pages"}],"about":[{"href":"https:\/\/ctcpm.cd\/fr\/wp-json\/wp\/v2\/types\/page"}],"author":[{"embeddable":true,"href":"https:\/\/ctcpm.cd\/fr\/wp-json\/wp\/v2\/users\/1"}],"replies":[{"embeddable":true,"href":"https:\/\/ctcpm.cd\/fr\/wp-json\/wp\/v2\/comments?post=823"}],"version-history":[{"count":7,"href":"https:\/\/ctcpm.cd\/fr\/wp-json\/wp\/v2\/pages\/823\/revisions"}],"predecessor-version":[{"id":6890,"href":"https:\/\/ctcpm.cd\/fr\/wp-json\/wp\/v2\/pages\/823\/revisions\/6890"}],"wp:featuredmedia":[{"embeddable":true,"href":"https:\/\/ctcpm.cd\/fr\/wp-json\/wp\/v2\/media\/859"}],"wp:attachment":[{"href":"https:\/\/ctcpm.cd\/fr\/wp-json\/wp\/v2\/media?parent=823"}],"curies":[{"name":"wp","href":"https:\/\/api.w.org\/{rel}","templated":true}]}}