{"id":7323,"date":"2023-04-30T23:32:10","date_gmt":"2023-04-30T21:32:10","guid":{"rendered":"https:\/\/ctcpm.cd\/p\/site3\/?page_id=7323"},"modified":"2025-03-23T19:58:16","modified_gmt":"2025-03-23T18:58:16","slug":"historique-missions","status":"publish","type":"page","link":"https:\/\/ctcpm.cd\/fr_old\/pages\/historique-missions","title":{"rendered":"Historique &#038; Missions"},"content":{"rendered":"<div id=\"fb-root\"><\/div>\n\t\t<div data-elementor-type=\"wp-page\" data-elementor-id=\"7323\" class=\"elementor elementor-7323\" data-elementor-post-type=\"page\">\n\t\t\t\t<div class=\"elementor-element elementor-element-986c6cb e-con-full e-flex e-con e-parent\" data-id=\"986c6cb\" data-element_type=\"container\" data-settings=\"{&quot;background_background&quot;:&quot;classic&quot;}\">\n\t\t\t\t<div class=\"elementor-element elementor-element-7e9ecb2 elementor-widget elementor-widget-text-editor\" data-id=\"7e9ecb2\" data-element_type=\"widget\" data-widget_type=\"text-editor.default\">\n\t\t\t\t<div class=\"elementor-widget-container\">\n\t\t\t\t\t\t\t\t\t<p>Cellule Technique de Coordination et de Planification Mini\u00e8re<\/p>\t\t\t\t\t\t\t\t<\/div>\n\t\t\t\t<\/div>\n\t\t\t\t<\/div>\n\t\t\t\t<section class=\"elementor-section elementor-top-section elementor-element elementor-element-3ff5b49c elementor-section-full_width elementor-section-height-default elementor-section-height-default\" data-id=\"3ff5b49c\" data-element_type=\"section\" data-settings=\"{&quot;background_background&quot;:&quot;classic&quot;}\">\n\t\t\t\t\t\t<div class=\"elementor-container elementor-column-gap-no\">\n\t\t\t\t\t<div class=\"elementor-column elementor-col-100 elementor-top-column elementor-element elementor-element-308e3e5\" data-id=\"308e3e5\" data-element_type=\"column\">\n\t\t\t<div class=\"elementor-widget-wrap elementor-element-populated\">\n\t\t\t\t\t\t<section class=\"elementor-section elementor-inner-section elementor-element elementor-element-4aef0d52 elementor-section-boxed elementor-section-height-default elementor-section-height-default\" data-id=\"4aef0d52\" data-element_type=\"section\">\n\t\t\t\t\t\t<div class=\"elementor-container elementor-column-gap-extended\">\n\t\t\t\t\t<div class=\"elementor-column elementor-col-100 elementor-inner-column elementor-element elementor-element-2f60cf72\" data-id=\"2f60cf72\" data-element_type=\"column\">\n\t\t\t<div class=\"elementor-widget-wrap elementor-element-populated\">\n\t\t\t\t\t\t<div class=\"elementor-element elementor-element-783109d dekoline elementor-widget elementor-widget-heading\" data-id=\"783109d\" data-element_type=\"widget\" data-widget_type=\"heading.default\">\n\t\t\t\t<div class=\"elementor-widget-container\">\n\t\t\t\t\t<h2 class=\"elementor-heading-title elementor-size-xxl\"> Historique<\/h2>\t\t\t\t<\/div>\n\t\t\t\t<\/div>\n\t\t\t\t<div class=\"elementor-element elementor-element-fb22efd elementor-widget elementor-widget-text-editor\" data-id=\"fb22efd\" data-element_type=\"widget\" data-widget_type=\"text-editor.default\">\n\t\t\t\t<div class=\"elementor-widget-container\">\n\t\t\t\t\t\t\t\t\t<p>Organe conseil, d&#8217;Etudes et de Coordination des activit\u00e9s du secteur minier de la R\u00e9publique D\u00e9mocratique du Congo. La Cellule Technique de Coordination et de Planification Mini\u00e8re, &#8220;C.T.C.P.M&#8221; en sigle, a \u00e9t\u00e9 cr\u00e9\u00e9e par l\u2019Ordonnance n\u00b0 78-153 du 11 avril 1978. Elle est plac\u00e9e sous l&#8217;autorit\u00e9 directe du Ministre des Mines. Ses bureaux sont situ\u00e9s au N\u00b08\/B, Avenue Luca Attanasio (Ex Mongala) dans la commune de la Gombe \u00e0 Kinshasaa<\/p>\t\t\t\t\t\t\t\t<\/div>\n\t\t\t\t<\/div>\n\t\t\t\t<div class=\"elementor-element elementor-element-1adb60f elementor-widget elementor-widget-text-editor\" data-id=\"1adb60f\" data-element_type=\"widget\" data-widget_type=\"text-editor.default\">\n\t\t\t\t<div class=\"elementor-widget-container\">\n\t\t\t\t\t\t\t\t\t<p>Elle est le Point Focal pour toute information ayant trait \u00e0 la promotion du secteur minier de la R\u00e9publique D\u00e9mocratique du Congo.<\/p>\t\t\t\t\t\t\t\t<\/div>\n\t\t\t\t<\/div>\n\t\t\t\t<div class=\"elementor-element elementor-element-af5f8b5 elementor-widget elementor-widget-text-editor\" data-id=\"af5f8b5\" data-element_type=\"widget\" data-widget_type=\"text-editor.default\">\n\t\t\t\t<div class=\"elementor-widget-container\">\n\t\t\t\t\t\t\t\t\t<p>Le colloque sur l\u2019optimisation de l\u2019Industrie mini\u00e8re Congolaise, tenue \u00e0 N\u2019sele du 30 janvier au 02 f\u00e9vrier 1978, a pos\u00e9 un diagnostic pr\u00e9cis de divers maux qui rongent le secteur minier congolais, notamment dans les domaines de la production, de transport, de raffinage et de la commercialisation des produits miniers. Ce colloque a d\u00e9fini les termes de cr\u00e9ation et de fonctionnement d\u2019un Organe Sp\u00e9cialis\u00e9, d\u00e9nomm\u00e9 Cellule Technique de Coordination et de Planification Mini\u00e8re, \u00ab CTCPM \u00bb en sigle, \u00e9chappant aux contraintes administratives paralysantes et appel\u00e9e \u00e0 se pencher sur les difficult\u00e9s que rencontre l\u2019industrie mini\u00e8re congolaise et \u00e0 les cerner de pr\u00e8s afin de proposer toutes mesures visant \u00e0 les surmonter. C&#8217;est dans ce contexte que le Pr\u00e9sident de la R\u00e9publique a sign\u00e9 l&#8217;Ordonnance n\u00b0 78-153 du 11 avril 1978.<\/p>\t\t\t\t\t\t\t\t<\/div>\n\t\t\t\t<\/div>\n\t\t\t\t\t<\/div>\n\t\t<\/div>\n\t\t\t\t\t<\/div>\n\t\t<\/section>\n\t\t\t\t<div class=\"elementor-element elementor-element-2de90c8 elementor-widget elementor-widget-heading\" data-id=\"2de90c8\" data-element_type=\"widget\" data-widget_type=\"heading.default\">\n\t\t\t\t<div class=\"elementor-widget-container\">\n\t\t\t\t\t<h2 class=\"elementor-heading-title elementor-size-xxl\">Missions <\/h2>\t\t\t\t<\/div>\n\t\t\t\t<\/div>\n\t\t\t\t<section class=\"elementor-section elementor-inner-section elementor-element elementor-element-29592620 elementor-section-boxed elementor-section-height-default elementor-section-height-default\" data-id=\"29592620\" data-element_type=\"section\">\n\t\t\t\t\t\t<div class=\"elementor-container elementor-column-gap-wide\">\n\t\t\t\t\t<div class=\"elementor-column elementor-col-25 elementor-inner-column elementor-element elementor-element-6609e3b0 elementor-hidden-tablet elementor-hidden-phone\" data-id=\"6609e3b0\" data-element_type=\"column\">\n\t\t\t<div class=\"elementor-widget-wrap elementor-element-populated\">\n\t\t\t\t\t\t<div class=\"elementor-element elementor-element-3e8ee624 elementor-widget elementor-widget-heading\" data-id=\"3e8ee624\" data-element_type=\"widget\" data-widget_type=\"heading.default\">\n\t\t\t\t<div class=\"elementor-widget-container\">\n\t\t\t\t\t<h2 class=\"elementor-heading-title elementor-size-default\">.<\/h2>\t\t\t\t<\/div>\n\t\t\t\t<\/div>\n\t\t\t\t\t<\/div>\n\t\t<\/div>\n\t\t\t\t<div class=\"elementor-column elementor-col-50 elementor-inner-column elementor-element elementor-element-de77274\" data-id=\"de77274\" data-element_type=\"column\">\n\t\t\t<div class=\"elementor-widget-wrap elementor-element-populated\">\n\t\t\t\t\t\t<div class=\"elementor-element elementor-element-5f4a21d6 elementor-widget elementor-widget-text-editor\" data-id=\"5f4a21d6\" data-element_type=\"widget\" data-widget_type=\"text-editor.default\">\n\t\t\t\t<div class=\"elementor-widget-container\">\n\t\t\t\t\t\t\t\t\t<p>Conform\u00e9ment \u00e0 l\u2019Ordonnance n\u00b0 78-153 du 11 avril 1978 portant cr\u00e9ation de la Cellule Technique de Coordination et de Planification Mini\u00e8re.<br \/>Vu la Loi n\u00b0 007\/2002 du 11 juillet 2002, portant Code Minier, telle que modifi\u00e9e et compl\u00e9t\u00e9e par la Loi n\u00b018\/001 du 09 mars 2018, sp\u00e9cialement en ses articles 1er points 53 bis et 54 bis, 7 ter, 7 quater et 311 quater<br \/>Vu le D\u00e9cret n\u00b0 038\/2003 du 26 mars 2003 portant R\u00e8glement Minier, tel que modifi\u00e9 et compl\u00e9t\u00e9 par le D\u00e9cret n\u00b0 18\/024 du 08 juin 2018, sp\u00e9cialement en ses articles 25 bis et 25 quater, articles 25 sexies, Article 25 octies ;<br \/>Vu le D\u00e9cret n\u00b0 011\/26 du 20 mai 2011 portant obligation de publier tout contrat ayant pour objet les ressources naturelles ;La Cellule Technique de Coordination et de Planification Mini\u00e8re a pour r\u00f4le : <br \/>\u2022 L\u2019harmonisation et la coordination entre le D\u00e9partement et les organismes int\u00e9ress\u00e9s \u00e0 la solution des probl\u00e8mes miniers ;\u00a0<br \/>\u2022 La programmation des activit\u00e9s mini\u00e8res nationales li\u00e9es \u00e0 la recherche, \u00e0 la valorisation des indices miniers, \u00e0 la production, au traitement, au transport et \u00e0 la commercialisation des produits miniers ; \u2028<br \/>\u2022 La centralisation et l\u2019organisation de la circulation de l\u2019information du secteur minier ;\u00a0<br \/>\u2022 Le contr\u00f4le de la r\u00e9alisation des activit\u00e9s mini\u00e8res programm\u00e9es.\u00a0<\/p><p>La Cellule Technique de Coordination et de Planification Mini\u00e8re a aussi le pouvoir de:\u00a0<br \/>\u2022 Emettre des avis et de formuler des propositions dans le domaine minier ;\u00a0<br \/>\u2022 Effectuer ou de faire r\u00e9aliser des \u00e9tudes relatives au secteur minier ; <br \/>\u2022 Concevoir des politiques et strat\u00e9gies de d\u00e9veloppement du secteur minier\u00a0<br \/>\u2022 Veiller au transfert de la technologie aux cadres nationaux des entreprises mini\u00e8res ;\u00a0<br \/>\u2022 Traiter diverses autres questions mini\u00e8res qui n\u2019entrent pas dans la sph\u00e8re de comp\u00e9tence des autres services ou D\u00e9partements.<br \/>\u2022 la publication de tous les contrats miniers, leurs annexes et avenants<br \/>\u2022 la publication d\u2019information sur les propri\u00e9taires r\u00e9els des entreprises titulaires des droits miniers ;<br \/>\u2022 la publication des donn\u00e9es de production et des exportations \u00e0 la fin de chaque trimestre ;<br \/>\u2022 la publication de tous les synth\u00e8ses des EIES, PGES et PAR.<\/p>\t\t\t\t\t\t\t\t<\/div>\n\t\t\t\t<\/div>\n\t\t\t\t\t<\/div>\n\t\t<\/div>\n\t\t\t\t<div class=\"elementor-column elementor-col-25 elementor-inner-column elementor-element elementor-element-1571d659 elementor-hidden-tablet elementor-hidden-phone\" data-id=\"1571d659\" data-element_type=\"column\">\n\t\t\t<div class=\"elementor-widget-wrap\">\n\t\t\t\t\t\t\t<\/div>\n\t\t<\/div>\n\t\t\t\t\t<\/div>\n\t\t<\/section>\n\t\t\t\t\t<\/div>\n\t\t<\/div>\n\t\t\t\t\t<\/div>\n\t\t<\/section>\n\t\t\t\t<section class=\"elementor-section elementor-top-section elementor-element elementor-element-51869d1d elementor-section-full_width elementor-section-height-default elementor-section-height-default\" data-id=\"51869d1d\" data-element_type=\"section\">\n\t\t\t\t\t\t<div class=\"elementor-container elementor-column-gap-no\">\n\t\t\t\t\t<div class=\"elementor-column elementor-col-100 elementor-top-column elementor-element elementor-element-4cf78fb1\" data-id=\"4cf78fb1\" data-element_type=\"column\">\n\t\t\t<div class=\"elementor-widget-wrap elementor-element-populated\">\n\t\t\t\t\t\t<section class=\"elementor-section elementor-inner-section elementor-element elementor-element-15064d5c elementor-section-boxed elementor-section-height-default elementor-section-height-default\" data-id=\"15064d5c\" data-element_type=\"section\">\n\t\t\t\t\t\t<div class=\"elementor-container elementor-column-gap-default\">\n\t\t\t\t\t<div class=\"elementor-column elementor-col-20 elementor-inner-column elementor-element elementor-element-41167770\" data-id=\"41167770\" data-element_type=\"column\" data-settings=\"{&quot;background_background&quot;:&quot;classic&quot;}\">\n\t\t\t<div class=\"elementor-widget-wrap elementor-element-populated\">\n\t\t\t\t\t\t<div class=\"elementor-element elementor-element-11c3df3d elementor-widget__width-auto elementor-widget elementor-widget-counter\" data-id=\"11c3df3d\" data-element_type=\"widget\" data-widget_type=\"counter.default\">\n\t\t\t\t<div class=\"elementor-widget-container\">\n\t\t\t\t\t\t\t<div class=\"elementor-counter\">\n\t\t\t<div class=\"elementor-counter-title\">Ans d'expertise<\/div>\t\t\t<div class=\"elementor-counter-number-wrapper\">\n\t\t\t\t<span class=\"elementor-counter-number-prefix\"><\/span>\n\t\t\t\t<span class=\"elementor-counter-number\" data-duration=\"2000\" data-to-value=\"45\" data-from-value=\"0\" data-delimiter=\"&#039;\">0<\/span>\n\t\t\t\t<span class=\"elementor-counter-number-suffix\"><\/span>\n\t\t\t<\/div>\n\t\t<\/div>\n\t\t\t\t\t\t<\/div>\n\t\t\t\t<\/div>\n\t\t\t\t\t<\/div>\n\t\t<\/div>\n\t\t\t\t<div class=\"elementor-column elementor-col-20 elementor-inner-column elementor-element elementor-element-30a16efc\" data-id=\"30a16efc\" data-element_type=\"column\" data-settings=\"{&quot;background_background&quot;:&quot;classic&quot;}\">\n\t\t\t<div class=\"elementor-widget-wrap elementor-element-populated\">\n\t\t\t\t\t\t<div class=\"elementor-element elementor-element-76706e55 elementor-widget__width-auto elementor-widget elementor-widget-counter\" data-id=\"76706e55\" data-element_type=\"widget\" data-widget_type=\"counter.default\">\n\t\t\t\t<div class=\"elementor-widget-container\">\n\t\t\t\t\t\t\t<div class=\"elementor-counter\">\n\t\t\t<div class=\"elementor-counter-title\">Experts devou\u00e9s<\/div>\t\t\t<div class=\"elementor-counter-number-wrapper\">\n\t\t\t\t<span class=\"elementor-counter-number-prefix\"><\/span>\n\t\t\t\t<span class=\"elementor-counter-number\" data-duration=\"2000\" data-to-value=\"145\" data-from-value=\"0\" data-delimiter=\",\">0<\/span>\n\t\t\t\t<span class=\"elementor-counter-number-suffix\"><\/span>\n\t\t\t<\/div>\n\t\t<\/div>\n\t\t\t\t\t\t<\/div>\n\t\t\t\t<\/div>\n\t\t\t\t\t<\/div>\n\t\t<\/div>\n\t\t\t\t<div class=\"elementor-column elementor-col-20 elementor-inner-column elementor-element elementor-element-825c000\" data-id=\"825c000\" data-element_type=\"column\" data-settings=\"{&quot;background_background&quot;:&quot;classic&quot;}\">\n\t\t\t<div class=\"elementor-widget-wrap elementor-element-populated\">\n\t\t\t\t\t\t<div class=\"elementor-element elementor-element-3df7e743 elementor-widget__width-auto elementor-widget elementor-widget-counter\" data-id=\"3df7e743\" data-element_type=\"widget\" data-widget_type=\"counter.default\">\n\t\t\t\t<div class=\"elementor-widget-container\">\n\t\t\t\t\t\t\t<div class=\"elementor-counter\">\n\t\t\t<div class=\"elementor-counter-title\">Documents produits<\/div>\t\t\t<div class=\"elementor-counter-number-wrapper\">\n\t\t\t\t<span class=\"elementor-counter-number-prefix\"><\/span>\n\t\t\t\t<span class=\"elementor-counter-number\" data-duration=\"2000\" data-to-value=\"100000\" data-from-value=\"0\" data-delimiter=\".\">0<\/span>\n\t\t\t\t<span class=\"elementor-counter-number-suffix\"><\/span>\n\t\t\t<\/div>\n\t\t<\/div>\n\t\t\t\t\t\t<\/div>\n\t\t\t\t<\/div>\n\t\t\t\t\t<\/div>\n\t\t<\/div>\n\t\t\t\t<div class=\"elementor-column elementor-col-20 elementor-inner-column elementor-element elementor-element-66063d03\" data-id=\"66063d03\" data-element_type=\"column\" data-settings=\"{&quot;background_background&quot;:&quot;classic&quot;}\">\n\t\t\t<div class=\"elementor-widget-wrap elementor-element-populated\">\n\t\t\t\t\t\t<div class=\"elementor-element elementor-element-243cdefa elementor-widget__width-auto elementor-widget elementor-widget-counter\" data-id=\"243cdefa\" data-element_type=\"widget\" data-widget_type=\"counter.default\">\n\t\t\t\t<div class=\"elementor-widget-container\">\n\t\t\t\t\t\t\t<div class=\"elementor-counter\">\n\t\t\t<div class=\"elementor-counter-title\">Documents de notre Biblioth\u00e8que<\/div>\t\t\t<div class=\"elementor-counter-number-wrapper\">\n\t\t\t\t<span class=\"elementor-counter-number-prefix\"><\/span>\n\t\t\t\t<span class=\"elementor-counter-number\" data-duration=\"2000\" data-to-value=\"120000\" data-from-value=\"0\" data-delimiter=\",\">0<\/span>\n\t\t\t\t<span class=\"elementor-counter-number-suffix\"><\/span>\n\t\t\t<\/div>\n\t\t<\/div>\n\t\t\t\t\t\t<\/div>\n\t\t\t\t<\/div>\n\t\t\t\t\t<\/div>\n\t\t<\/div>\n\t\t\t\t<div class=\"elementor-column elementor-col-20 elementor-inner-column elementor-element elementor-element-3537e336\" data-id=\"3537e336\" data-element_type=\"column\" data-settings=\"{&quot;background_background&quot;:&quot;classic&quot;}\">\n\t\t\t<div class=\"elementor-widget-wrap elementor-element-populated\">\n\t\t\t\t\t\t<div class=\"elementor-element elementor-element-76af023b elementor-widget__width-auto elementor-widget elementor-widget-counter\" data-id=\"76af023b\" data-element_type=\"widget\" data-widget_type=\"counter.default\">\n\t\t\t\t<div class=\"elementor-widget-container\">\n\t\t\t\t\t\t\t<div class=\"elementor-counter\">\n\t\t\t<div class=\"elementor-counter-title\">Contrats miniers publi\u00e9s<\/div>\t\t\t<div class=\"elementor-counter-number-wrapper\">\n\t\t\t\t<span class=\"elementor-counter-number-prefix\"><\/span>\n\t\t\t\t<span class=\"elementor-counter-number\" data-duration=\"2000\" data-to-value=\"256\" data-from-value=\"0\" data-delimiter=\",\">0<\/span>\n\t\t\t\t<span class=\"elementor-counter-number-suffix\">+<\/span>\n\t\t\t<\/div>\n\t\t<\/div>\n\t\t\t\t\t\t<\/div>\n\t\t\t\t<\/div>\n\t\t\t\t\t<\/div>\n\t\t<\/div>\n\t\t\t\t\t<\/div>\n\t\t<\/section>\n\t\t\t\t\t<\/div>\n\t\t<\/div>\n\t\t\t\t\t<\/div>\n\t\t<\/section>\n\t\t\t\t<section class=\"elementor-section elementor-top-section elementor-element elementor-element-1f1844c9 elementor-section-full_width elementor-section-height-default elementor-section-height-default\" data-id=\"1f1844c9\" data-element_type=\"section\" data-settings=\"{&quot;background_background&quot;:&quot;classic&quot;}\">\n\t\t\t\t\t\t<div class=\"elementor-container elementor-column-gap-no\">\n\t\t\t\t\t<div class=\"elementor-column elementor-col-100 elementor-top-column elementor-element elementor-element-74d98290\" data-id=\"74d98290\" data-element_type=\"column\" data-settings=\"{&quot;background_background&quot;:&quot;classic&quot;}\">\n\t\t\t<div class=\"elementor-widget-wrap\">\n\t\t\t\t\t\t\t<\/div>\n\t\t<\/div>\n\t\t\t\t\t<\/div>\n\t\t<\/section>\n\t\t\t\t<section class=\"elementor-section elementor-top-section elementor-element elementor-element-61e19004 elementor-section-boxed elementor-section-height-default elementor-section-height-default\" data-id=\"61e19004\" data-element_type=\"section\" data-settings=\"{&quot;background_background&quot;:&quot;classic&quot;}\">\n\t\t\t\t\t\t\t<div class=\"elementor-background-overlay\"><\/div>\n\t\t\t\t\t\t\t<div class=\"elementor-container elementor-column-gap-wide\">\n\t\t\t\t\t<div class=\"elementor-column elementor-col-33 elementor-top-column elementor-element elementor-element-3959496\" data-id=\"3959496\" data-element_type=\"column\" data-settings=\"{&quot;background_background&quot;:&quot;classic&quot;}\">\n\t\t\t<div class=\"elementor-widget-wrap elementor-element-populated\">\n\t\t\t\t\t\t<div class=\"elementor-element elementor-element-42d17f84 dekoline elementor-widget elementor-widget-heading\" data-id=\"42d17f84\" data-element_type=\"widget\" data-widget_type=\"heading.default\">\n\t\t\t\t<div class=\"elementor-widget-container\">\n\t\t\t\t\t<h2 class=\"elementor-heading-title elementor-size-xl\">Nature et cadre juridique.<\/h2>\t\t\t\t<\/div>\n\t\t\t\t<\/div>\n\t\t\t\t<div class=\"elementor-element elementor-element-43b913ac elementor-widget elementor-widget-heading\" data-id=\"43b913ac\" data-element_type=\"widget\" data-widget_type=\"heading.default\">\n\t\t\t\t<div class=\"elementor-widget-container\">\n\t\t\t\t\t<h4 class=\"elementor-heading-title elementor-size-default\">La Cellule Technique de Coordination et de Planification Mini\u00e8re est un organe d\u2019\u00e9tudes, de diffusion de l\u2019information du secteur minier congolais. Elle est plac\u00e9e sous l\u2019autorit\u00e9 directe du Ministre ayant les Mines dans ses attributions et jouit d\u2019une autonomie financi\u00e8re..<\/h4>\t\t\t\t<\/div>\n\t\t\t\t<\/div>\n\t\t\t\t<div class=\"elementor-element elementor-element-49d25ced elementor-align-left elementor-widget__width-auto elementor-widget elementor-widget-button\" data-id=\"49d25ced\" data-element_type=\"widget\" data-widget_type=\"button.default\">\n\t\t\t\t<div class=\"elementor-widget-container\">\n\t\t\t\t\t\t\t\t\t<div class=\"elementor-button-wrapper\">\n\t\t\t\t\t<a class=\"elementor-button elementor-button-link elementor-size-sm\" href=\"#\">\n\t\t\t\t\t\t<span class=\"elementor-button-content-wrapper\">\n\t\t\t\t\t\t\t\t\t<span class=\"elementor-button-text\">plus d\"information<\/span>\n\t\t\t\t\t<\/span>\n\t\t\t\t\t<\/a>\n\t\t\t\t<\/div>\n\t\t\t\t\t\t\t\t<\/div>\n\t\t\t\t<\/div>\n\t\t\t\t<div class=\"elementor-element elementor-element-698525cb elementor-align-left elementor-widget__width-auto elementor-widget elementor-widget-button\" data-id=\"698525cb\" data-element_type=\"widget\" data-widget_type=\"button.default\">\n\t\t\t\t<div class=\"elementor-widget-container\">\n\t\t\t\t\t\t\t\t\t<div class=\"elementor-button-wrapper\">\n\t\t\t\t\t<a class=\"elementor-button elementor-button-link elementor-size-sm\" href=\"#\">\n\t\t\t\t\t\t<span class=\"elementor-button-content-wrapper\">\n\t\t\t\t\t\t\t\t\t<span class=\"elementor-button-text\">contactez-nous ici<\/span>\n\t\t\t\t\t<\/span>\n\t\t\t\t\t<\/a>\n\t\t\t\t<\/div>\n\t\t\t\t\t\t\t\t<\/div>\n\t\t\t\t<\/div>\n\t\t\t\t\t<\/div>\n\t\t<\/div>\n\t\t\t\t<div class=\"elementor-column elementor-col-33 elementor-top-column elementor-element elementor-element-5a91f469\" data-id=\"5a91f469\" data-element_type=\"column\">\n\t\t\t<div class=\"elementor-widget-wrap\">\n\t\t\t\t\t\t\t<\/div>\n\t\t<\/div>\n\t\t\t\t<div class=\"elementor-column elementor-col-33 elementor-top-column elementor-element elementor-element-400e71a7\" data-id=\"400e71a7\" data-element_type=\"column\">\n\t\t\t<div class=\"elementor-widget-wrap\">\n\t\t\t\t\t\t\t<\/div>\n\t\t<\/div>\n\t\t\t\t\t<\/div>\n\t\t<\/section>\n\t\t\t\t<\/div>\n\t\t","protected":false},"excerpt":{"rendered":"<p>Cellule Technique de Coordination et de Planification Mini\u00e8re Historique Organe conseil, d&#8217;Etudes et de Coordination des activit\u00e9s du secteur minier de la R\u00e9publique D\u00e9mocratique du Congo. La Cellule Technique de Coordination et de Planification Mini\u00e8re, &#8220;C.T.C.P.M&#8221; en sigle, a \u00e9t\u00e9 cr\u00e9\u00e9e par l\u2019Ordonnance n\u00b0 78-153 du 11 avril 1978. Elle est plac\u00e9e sous l&#8217;autorit\u00e9 directe &hellip;<\/p>\n","protected":false},"author":1,"featured_media":0,"parent":5982,"menu_order":0,"comment_status":"closed","ping_status":"closed","template":"elementor_header_footer","meta":{"_monsterinsights_skip_tracking":false,"_monsterinsights_sitenote_active":false,"_monsterinsights_sitenote_note":"","_monsterinsights_sitenote_category":0,"footnotes":""},"class_list":["post-7323","page","type-page","status-publish","hentry"],"aioseo_notices":[],"_links":{"self":[{"href":"https:\/\/ctcpm.cd\/fr_old\/wp-json\/wp\/v2\/pages\/7323","targetHints":{"allow":["GET"]}}],"collection":[{"href":"https:\/\/ctcpm.cd\/fr_old\/wp-json\/wp\/v2\/pages"}],"about":[{"href":"https:\/\/ctcpm.cd\/fr_old\/wp-json\/wp\/v2\/types\/page"}],"author":[{"embeddable":true,"href":"https:\/\/ctcpm.cd\/fr_old\/wp-json\/wp\/v2\/users\/1"}],"replies":[{"embeddable":true,"href":"https:\/\/ctcpm.cd\/fr_old\/wp-json\/wp\/v2\/comments?post=7323"}],"version-history":[{"count":121,"href":"https:\/\/ctcpm.cd\/fr_old\/wp-json\/wp\/v2\/pages\/7323\/revisions"}],"predecessor-version":[{"id":10237,"href":"https:\/\/ctcpm.cd\/fr_old\/wp-json\/wp\/v2\/pages\/7323\/revisions\/10237"}],"up":[{"embeddable":true,"href":"https:\/\/ctcpm.cd\/fr_old\/wp-json\/wp\/v2\/pages\/5982"}],"wp:attachment":[{"href":"https:\/\/ctcpm.cd\/fr_old\/wp-json\/wp\/v2\/media?parent=7323"}],"curies":[{"name":"wp","href":"https:\/\/api.w.org\/{rel}","templated":true}]}}