{"id":7391,"date":"2023-05-01T02:12:13","date_gmt":"2023-05-01T00:12:13","guid":{"rendered":"https:\/\/ctcpm.cd\/p\/site3\/?page_id=7391"},"modified":"2023-05-01T17:49:09","modified_gmt":"2023-05-01T15:49:09","slug":"arretes-ministeriels","status":"publish","type":"page","link":"https:\/\/ctcpm.cd\/fr_old\/arretes-ministeriels","title":{"rendered":"Arr\u00eat\u00e9s minist\u00e9riels"},"content":{"rendered":"<div id=\"fb-root\"><\/div>\n\t\t<div data-elementor-type=\"wp-page\" data-elementor-id=\"7391\" class=\"elementor elementor-7391\" data-elementor-post-type=\"page\">\n\t\t\t\t<div class=\"elementor-element elementor-element-e2e01a9 e-con-full e-flex e-con e-parent\" data-id=\"e2e01a9\" data-element_type=\"container\">\n\t\t\t\t<\/div>\n\t\t\t\t<\/div>\n\t\t","protected":false},"excerpt":{"rendered":"","protected":false},"author":1,"featured_media":0,"parent":0,"menu_order":0,"comment_status":"closed","ping_status":"closed","template":"elementor_header_footer","meta":{"_monsterinsights_skip_tracking":false,"_monsterinsights_sitenote_active":false,"_monsterinsights_sitenote_note":"","_monsterinsights_sitenote_category":0,"footnotes":""},"class_list":["post-7391","page","type-page","status-publish","hentry"],"aioseo_notices":[],"_links":{"self":[{"href":"https:\/\/ctcpm.cd\/fr_old\/wp-json\/wp\/v2\/pages\/7391","targetHints":{"allow":["GET"]}}],"collection":[{"href":"https:\/\/ctcpm.cd\/fr_old\/wp-json\/wp\/v2\/pages"}],"about":[{"href":"https:\/\/ctcpm.cd\/fr_old\/wp-json\/wp\/v2\/types\/page"}],"author":[{"embeddable":true,"href":"https:\/\/ctcpm.cd\/fr_old\/wp-json\/wp\/v2\/users\/1"}],"replies":[{"embeddable":true,"href":"https:\/\/ctcpm.cd\/fr_old\/wp-json\/wp\/v2\/comments?post=7391"}],"version-history":[{"count":4,"href":"https:\/\/ctcpm.cd\/fr_old\/wp-json\/wp\/v2\/pages\/7391\/revisions"}],"predecessor-version":[{"id":7790,"href":"https:\/\/ctcpm.cd\/fr_old\/wp-json\/wp\/v2\/pages\/7391\/revisions\/7790"}],"wp:attachment":[{"href":"https:\/\/ctcpm.cd\/fr_old\/wp-json\/wp\/v2\/media?parent=7391"}],"curies":[{"name":"wp","href":"https:\/\/api.w.org\/{rel}","templated":true}]}}